{"id":182,"date":"2024-02-12T12:21:07","date_gmt":"2024-02-12T15:21:07","guid":{"rendered":"https:\/\/demosites.royal-elementor-addons.com\/shop-wooshop-v2\/?post_type=product&#038;p=182"},"modified":"2024-10-21T13:24:25","modified_gmt":"2024-10-21T16:24:25","slug":"nora-pack-of-3-pearl-and-lariat-mixed-necklace","status":"publish","type":"product","link":"https:\/\/bolasstreball.com.br\/?product=nora-pack-of-3-pearl-and-lariat-mixed-necklace","title":{"rendered":"Bola De Vinil"},"content":{"rendered":"<h2 class=\"wp-block-heading\">Detalhes t\u00e9cnicos da bola de vinil personalizada<\/h2>\n<p>Personaliza\u00e7\u00e3o da bola de vinil: textos, logomarcas.<\/p>\n<p>Dimens\u00f5es: Bolas de vinil com 25 cm de Diam\u00eatro.<\/p>\n<p>Personaliza\u00e7\u00e3o em\u00a0<strong>bolas de vinil:<\/strong><\/p>\n<p>Bola de vinil personalizada;<\/p>\n<p>Podem ser personalizados com silk.<\/p>\n<p>Medidas da personaliza\u00e7\u00e3o podem ser localizadas.<\/p>\n<p>Todas as fotos dos nossos produtos s\u00e3o reais.<\/p>\n<p>Bolas de vinil em diversos tipos de personaliza\u00e7\u00e3o com qualidade.<\/p>\n<p>Arte inclusa e a Escolha do Cliente.<\/p>\n<p>Estampa em Azul, Preto, Verde, Branco.<\/p>\n<p>Perfeito acabamento e com impress\u00e3o a Silk, n\u00e3o solta, n\u00e3o desbota.<\/p>\n","protected":false},"excerpt":{"rendered":"<p>Detalhes t\u00e9cnicos da bola de vinil personalizada Personaliza\u00e7\u00e3o da bola de vinil: textos, logomarcas. Dimens\u00f5es: Bolas de vinil com 25 cm de Diam\u00eatro. Personaliza\u00e7\u00e3o em\u00a0bolas de vinil: Bola de vinil personalizada; Podem ser personalizados com silk. Medidas da personaliza\u00e7\u00e3o podem ser localizadas. Todas as fotos dos nossos produtos s\u00e3o reais. Bolas de vinil em diversos tipos de personaliza\u00e7\u00e3o com qualidade. Arte inclusa e a Escolha do Cliente. Estampa em Azul, Preto, Verde, Branco. Perfeito acabamento e com impress\u00e3o a Silk, n\u00e3o solta, n\u00e3o desbota.<\/p>\n","protected":false},"featured_media":797,"comment_status":"open","ping_status":"closed","template":"","meta":[],"product_cat":[17,18,26],"product_tag":[],"class_list":{"0":"post-182","1":"product","2":"type-product","3":"status-publish","4":"has-post-thumbnail","6":"product_cat-accessories","7":"product_cat-clothes","8":"product_cat-toys","10":"first","11":"instock","12":"sale","13":"shipping-taxable","14":"purchasable","15":"product-type-simple"},"_links":{"self":[{"href":"https:\/\/bolasstreball.com.br\/index.php?rest_route=\/wp\/v2\/product\/182","targetHints":{"allow":["GET"]}}],"collection":[{"href":"https:\/\/bolasstreball.com.br\/index.php?rest_route=\/wp\/v2\/product"}],"about":[{"href":"https:\/\/bolasstreball.com.br\/index.php?rest_route=\/wp\/v2\/types\/product"}],"replies":[{"embeddable":true,"href":"https:\/\/bolasstreball.com.br\/index.php?rest_route=%2Fwp%2Fv2%2Fcomments&post=182"}],"wp:featuredmedia":[{"embeddable":true,"href":"https:\/\/bolasstreball.com.br\/index.php?rest_route=\/wp\/v2\/media\/797"}],"wp:attachment":[{"href":"https:\/\/bolasstreball.com.br\/index.php?rest_route=%2Fwp%2Fv2%2Fmedia&parent=182"}],"wp:term":[{"taxonomy":"product_cat","embeddable":true,"href":"https:\/\/bolasstreball.com.br\/index.php?rest_route=%2Fwp%2Fv2%2Fproduct_cat&post=182"},{"taxonomy":"product_tag","embeddable":true,"href":"https:\/\/bolasstreball.com.br\/index.php?rest_route=%2Fwp%2Fv2%2Fproduct_tag&post=182"}],"curies":[{"name":"wp","href":"https:\/\/api.w.org\/{rel}","templated":true}]}}