{"id":181,"date":"2024-02-12T12:17:45","date_gmt":"2024-02-12T15:17:45","guid":{"rendered":"https:\/\/demosites.royal-elementor-addons.com\/shop-wooshop-v2\/?post_type=product&#038;p=181"},"modified":"2024-10-21T13:28:14","modified_gmt":"2024-10-21T16:28:14","slug":"off-shoulder-long-sleeve-hotfix-mini-dress-in-green","status":"publish","type":"product","link":"https:\/\/bolasstreball.com.br\/?product=off-shoulder-long-sleeve-hotfix-mini-dress-in-green","title":{"rendered":"Bola de vinil confete personalizada"},"content":{"rendered":"<p>Bolas personalizadas com tema da festa, nome e idade da crian\u00e7a, medida 60 cm de circunfer\u00eancia, 20 cm de di\u00e2metro, material leve, macio e resistente. Apropriado para crian\u00e7as de 1 a 10 anos<\/p>\n","protected":false},"excerpt":{"rendered":"<p>Bolas personalizadas com tema da festa, nome e idade da crian\u00e7a, medida 60 cm de circunfer\u00eancia, 20 cm de di\u00e2metro, material leve, macio e resistente. Apropriado para crian\u00e7as de 1 a 10 anos<\/p>\n","protected":false},"featured_media":799,"comment_status":"open","ping_status":"closed","template":"","meta":[],"product_cat":[17,24],"product_tag":[],"class_list":{"0":"post-181","1":"product","2":"type-product","3":"status-publish","4":"has-post-thumbnail","6":"product_cat-accessories","7":"product_cat-shoes","9":"first","10":"instock","11":"shipping-taxable","12":"purchasable","13":"product-type-simple"},"_links":{"self":[{"href":"https:\/\/bolasstreball.com.br\/index.php?rest_route=\/wp\/v2\/product\/181","targetHints":{"allow":["GET"]}}],"collection":[{"href":"https:\/\/bolasstreball.com.br\/index.php?rest_route=\/wp\/v2\/product"}],"about":[{"href":"https:\/\/bolasstreball.com.br\/index.php?rest_route=\/wp\/v2\/types\/product"}],"replies":[{"embeddable":true,"href":"https:\/\/bolasstreball.com.br\/index.php?rest_route=%2Fwp%2Fv2%2Fcomments&post=181"}],"wp:featuredmedia":[{"embeddable":true,"href":"https:\/\/bolasstreball.com.br\/index.php?rest_route=\/wp\/v2\/media\/799"}],"wp:attachment":[{"href":"https:\/\/bolasstreball.com.br\/index.php?rest_route=%2Fwp%2Fv2%2Fmedia&parent=181"}],"wp:term":[{"taxonomy":"product_cat","embeddable":true,"href":"https:\/\/bolasstreball.com.br\/index.php?rest_route=%2Fwp%2Fv2%2Fproduct_cat&post=181"},{"taxonomy":"product_tag","embeddable":true,"href":"https:\/\/bolasstreball.com.br\/index.php?rest_route=%2Fwp%2Fv2%2Fproduct_tag&post=181"}],"curies":[{"name":"wp","href":"https:\/\/api.w.org\/{rel}","templated":true}]}}